{"id":14,"date":"2017-10-13T11:31:53","date_gmt":"2017-10-13T14:31:53","guid":{"rendered":"http:\/\/www.graficaseixasrp.com.br\/convites\/?page_id=14"},"modified":"2018-03-15T14:37:26","modified_gmt":"2018-03-15T17:37:26","slug":"help-me","status":"publish","type":"page","link":"http:\/\/www.graficaseixasrp.com.br\/convites\/help-me\/","title":{"rendered":"Help Me"},"content":{"rendered":"<p style=\"text-align: justify;\">Al\u00e9m dos convites h\u00e1 por tr\u00e1s um conjunto de papelaria com a participa\u00e7\u00e3o do cliente na elabora\u00e7\u00e3o, deixando sua identidade registrada ali nas m\u00e3os e nos olhos de todos.<\/p>\n<p style=\"text-align: justify;\">Card\u00e1pios, kit banheiro, chinelos, valer conforto, r\u00f3tulos, tag de carros, plaquinhas, porta- guardanapos, entre outros&#8230;<\/p>\n<p style=\"text-align: justify;\">Tudo se inicia com uma boa conversa, onde \u00e9 colocado primeiramente a parte digital e, em seguida, a nossa produ\u00e7\u00e3o entra em a\u00e7\u00e3o, eternizando e identi\uf001cando cada caracter\u00edstica do cliente.<\/p>\n<p>\t\t\tQUANTO TEMPO PEDIR OS CONVITES?<\/p>\n<p>[&#8230;agora ou depois? ] ~~&gt; Devo pedir 1 ano antes? Ou de 3 a 2 meses antes ?<\/p>\n<p>Pois bem, pela nossa experi\u00eancia e andamento de pedido, prova e produ\u00e7\u00e3o, as duas op\u00e7\u00f5es citadas podem n\u00e3o ser as mais ideais.<br \/>\nO ideal \u00e9 ir analisando at\u00e9 6 meses antes, para que com at\u00e9 5 meses j\u00e1 encomendar.<\/p>\n<p>Se vc \u00e9 a noiva 1 que prefere deixar tudo organizadinho, ou se vc \u00e9 a noiva 2, que \u00e9 mais relex, cuidado que ambas podem estar se equivocando.<br \/>\nA primeira noiva por fechar com muita anteced\u00eancia (seria legal combinar com a gente uma data mais pr\u00f3xima para a entrega) pode correr imprevisto com hor\u00e1rio da igreja, ou at\u00e9 mesmo por mudar o estilo da festa.. Se vc \u00e9 a noiva 2, muito em cima da hora, pode correr um risco maior devido o acumulo de tarefas, pode passar dados errados&#8230;aquele nome sem acento&#8230;, sem contar que vc ter\u00e1 que entregar os convites a jato, de t\u00e3o pertinho da data de confirma\u00e7\u00e3o.. rs<br \/>\nPois ent\u00e3o&#8230; a pesquisa, o namoro pelo modelo, estilo.. \u00e9 legal vc &#8220;se jogar&#8221; msm, curtir cada pesquisa, e quando estiver em 6 a 5 meses iniciar o fechamento para come\u00e7amos as provas virtuais, a prova f\u00edsica (sim, somos aquela gr\u00e1fica que apresenta uma f\u00edsica bem pr\u00f3xima da real para analisarem tamanho, design, leitura..) e ap\u00f3s ok final, s\u00e3o 20 a 30 dias \u00fateis em produ\u00e7\u00e3o ;), portanto devido a programa\u00e7\u00e3o e t\u00e9cnicas delicadas, vamos prevenir e garantir tempo maior para terem os convites em m\u00e3os e sa\u00edrem para a entrega aos seus queridos e tbm ansiosos convidados\u00a0\ud83d\ude09<\/p>\n<p>\t\t\tQUANTOS CONVITES PEDIR?<\/p>\n<p>[ aquela d\u00favida\ud83e\udd14..] Com a nossa experienci\u00eancia e observa\u00e7\u00e3o \u00e9 necess\u00e1rio solicitar 10% a mais de convites, pode parecer demais, mas usa-se super eles!!! E essa margem \u00e9 &#8220;fatal..&#8221; rs<br \/>\nNo decorrer das tarefas do casamento, \u00e9 normal, esquecer ou acrescentar convidados, ou at\u00e9 msm pq vc resolveu convidar aquele parente de longe, ou uma amizade feita recente, assim esses 10% te ajudar\u00e1 com isso.. principalmente a economizar no seu or\u00e7amento, j\u00e1 que confec\u00e7\u00e3o de impressos gera custo de acordo com a quantidade&#8230; portanto solicitar depois, poucas unidades, acaba n\u00e3o saindo o msm valor unit\u00e1rio j\u00e1 pago&#8230; .<br \/>\nPois ent\u00e3o.. estamos aqui passando pra ajudar rapidamente nas informa\u00e7\u00f5es!! Fiquem ligadas, continuem nos seguindo\u00a0\ud83d\udc99\ud83d\udc9a\ud83d\udc9b\u2764\ufe0f<\/p>\n<p>Falem com a gente!!!<\/p>\n","protected":false},"excerpt":{"rendered":"<p>Al\u00e9m dos convites h\u00e1 por tr\u00e1s um conjunto de papelaria com a participa\u00e7\u00e3o do cliente na elabora\u00e7\u00e3o, deixando sua identidade registrada ali nas m\u00e3os e nos olhos de todos. Card\u00e1pios, kit banheiro, chinelos, valer conforto, r\u00f3tulos, tag de carros, plaquinhas, porta- guardanapos, entre outros&#8230; Tudo se inicia com uma boa conversa, onde \u00e9 colocado primeiramente&hellip;<\/p>\n","protected":false},"author":1,"featured_media":0,"parent":0,"menu_order":0,"comment_status":"closed","ping_status":"closed","template":"","meta":{"footnotes":""},"_links":{"self":[{"href":"http:\/\/www.graficaseixasrp.com.br\/convites\/wp-json\/wp\/v2\/pages\/14"}],"collection":[{"href":"http:\/\/www.graficaseixasrp.com.br\/convites\/wp-json\/wp\/v2\/pages"}],"about":[{"href":"http:\/\/www.graficaseixasrp.com.br\/convites\/wp-json\/wp\/v2\/types\/page"}],"author":[{"embeddable":true,"href":"http:\/\/www.graficaseixasrp.com.br\/convites\/wp-json\/wp\/v2\/users\/1"}],"replies":[{"embeddable":true,"href":"http:\/\/www.graficaseixasrp.com.br\/convites\/wp-json\/wp\/v2\/comments?post=14"}],"version-history":[{"count":4,"href":"http:\/\/www.graficaseixasrp.com.br\/convites\/wp-json\/wp\/v2\/pages\/14\/revisions"}],"predecessor-version":[{"id":460,"href":"http:\/\/www.graficaseixasrp.com.br\/convites\/wp-json\/wp\/v2\/pages\/14\/revisions\/460"}],"wp:attachment":[{"href":"http:\/\/www.graficaseixasrp.com.br\/convites\/wp-json\/wp\/v2\/media?parent=14"}],"curies":[{"name":"wp","href":"https:\/\/api.w.org\/{rel}","templated":true}]}}